{"id":639,"date":"2026-01-20T10:23:31","date_gmt":"2026-01-20T09:23:31","guid":{"rendered":"http:\/\/localhost\/blog\/?page_id=639"},"modified":"2026-02-26T15:50:54","modified_gmt":"2026-02-26T14:50:54","slug":"les-docs-du-blason-de-naissance","status":"publish","type":"page","link":"https:\/\/blasondenaissance.fr\/blog\/les-docs-du-blason-de-naissance\/","title":{"rendered":"Les Docs du Blason de Naissance"},"content":{"rendered":"\n<div class=\"wp-block-group has-global-padding is-layout-constrained wp-block-group-is-layout-constrained\">\n<h3 class=\"wp-block-heading\">A propos de &#8230;<\/h3>\n\n\n\n<ul class=\"wp-block-list\">\n<li><a href=\"#banniere\">La Banni\u00e8re de Naissance<\/a>\n<ul class=\"wp-block-list\">\n<li><a href=\"#residences\">Les R\u00e9sidences<\/a><\/li>\n\n\n\n<li><a href=\"#couleurs\">Arcanes en R\u00e9sidence<\/a><\/li>\n<\/ul>\n<\/li>\n\n\n\n<li><a href=\"#tarot\">Le Tarot de Marseille<\/a>\n<ul class=\"wp-block-list\">\n<li><a href=\"#majeurs\">Les arcanes majeurs<\/a><\/li>\n\n\n\n<li><a href=\"#mineurs\">Les arcanes mineurs<\/a>\n<ul class=\"wp-block-list\">\n<li><a href=\"#epees\">Les \u00c9p\u00e9es<\/a><\/li>\n\n\n\n<li><a href=\"#coupes\">Les Coupes<\/a><\/li>\n\n\n\n<li><a href=\"#batons\">Les B\u00e2tons<\/a><\/li>\n\n\n\n<li><a href=\"#deniers\">Les Deniers<\/a><\/li>\n<\/ul>\n<\/li>\n<\/ul>\n<\/li>\n\n\n\n<li><a href=\"#mybanner\">Mybanner<\/a><\/li>\n\n\n\n<li><a href=\"#divers\">Divers<\/a><\/li>\n<\/ul>\n<\/div>\n\n\n\n<hr class=\"wp-block-separator has-alpha-channel-opacity\"\/>\n\n\n\n<div class=\"wp-block-group has-global-padding is-layout-constrained wp-block-group-is-layout-constrained\">\n<h3 class=\"wp-block-heading has-system-sans-serif-font-family\" id=\"banniere\">La Banni\u00e8re de Naissance<\/h3>\n\n\n\n<div class=\"wp-block-group has-global-padding is-layout-constrained wp-container-core-group-is-layout-044ddaed wp-block-group-is-layout-constrained\" style=\"padding-left:var(--wp--preset--spacing--30)\">\n<ul class=\"wp-block-list\">\n<li><a href=\"\/blog\/index.php\/2025\/07\/03\/la-banniere-de-naissance\/\">Pr\u00e9sentation de la Banni\u00e8re de Naissance<\/a><\/li>\n\n\n\n<li><a href=\"\/blog\/index.php\/2026\/02\/03\/utiliser-la-banniere-de-naissance\/\">Utiliser la Banni\u00e8re de Naissance<\/a><\/li>\n<\/ul>\n<\/div>\n\n\n\n<div class=\"wp-block-group has-global-padding is-layout-constrained wp-container-core-group-is-layout-044ddaed wp-block-group-is-layout-constrained\" style=\"padding-left:var(--wp--preset--spacing--30)\">\n<h4 class=\"wp-block-heading has-system-sans-serif-font-family\" id=\"residences\">Les R\u00e9sidences<\/h4>\n\n\n\n<div class=\"wp-block-group is-layout-flex wp-block-group-is-layout-flex\" style=\"padding-left:var(--wp--preset--spacing--30)\">\n<p><a href=\"\/blog\/index.php\/2026\/01\/21\/la-residence-r1\/\">R\u00e9sidence R1<\/a><\/p>\n\n\n\n<p><a href=\"\/blog\/index.php\/2026\/01\/22\/la-residence-r2\/\">R\u00e9sidence R2<\/a><\/p>\n\n\n\n<p><a href=\"\/blog\/index.php\/2026\/01\/22\/la-residence-r3\/\">R\u00e9sidence R3<\/a><\/p>\n\n\n\n<p><a href=\"\/blog\/index.php\/2026\/01\/22\/residence-r4\/\">R\u00e9sidence R4<\/a><\/p>\n\n\n\n<p><a href=\"\/blog\/index.php\/2026\/01\/23\/residence-r5\/\">R\u00e9sidence R5<\/a><\/p>\n\n\n\n<p><a href=\"\/blog\/index.php\/2026\/01\/23\/residence-r6\/\">R\u00e9sidence R6<\/a><\/p>\n\n\n\n<p><a href=\"\/blog\/index.php\/2026\/01\/23\/residence-r7\/\">R\u00e9sidence R7<\/a><\/p>\n\n\n\n<p><a href=\"\/blog\/index.php\/2026\/01\/23\/residence-r8\/\">R\u00e9sidence R8<\/a><\/p>\n\n\n\n<p><a href=\"\/blog\/index.php\/2026\/01\/23\/residence-r9\/\">R\u00e9sidence R9<\/a><\/p>\n\n\n\n<p><a href=\"\/blog\/index.php\/2026\/01\/23\/residence-r10\/\">R\u00e9sidence R10<\/a><\/p>\n\n\n\n<p><a href=\"\/blog\/index.php\/2026\/01\/23\/residence-r11\/\">R\u00e9sidence R11<\/a><\/p>\n\n\n\n<p><a href=\"\/blog\/index.php\/2026\/01\/23\/residence-r12\/\">R\u00e9sidence R12<\/a><\/p>\n\n\n\n<p><a href=\"\/blog\/index.php\/2026\/01\/23\/residence-r13\/\">R\u00e9sidence R13<\/a><\/p>\n<\/div>\n<\/div>\n\n\n\n<div class=\"wp-block-group has-global-padding is-layout-constrained wp-container-core-group-is-layout-044ddaed wp-block-group-is-layout-constrained\" style=\"padding-left:var(--wp--preset--spacing--30)\">\n<h4 class=\"wp-block-heading has-system-sans-serif-font-family\" id=\"couleurs\">Arcanes et R\u00e9sidences<\/h4>\n\n\n\n<div class=\"wp-block-group is-layout-flex wp-block-group-is-layout-flex\" style=\"padding-left:var(--wp--preset--spacing--30)\">\n<p><a href=\"\/blog\/2026\/02\/14\/arcanes-en-residence-r1\/\">Arcanes en r\u00e9sidence R1<\/a><\/p>\n\n\n\n<p><a href=\"\/blog\/2026\/02\/15\/arcanes-en-residence-r2\/\">Arcanes en r\u00e9sidence R2<\/a><\/p>\n\n\n\n<p><a href=\"\/blog\/2026\/02\/16\/arcanes-en-residence-r3\/\">Arcanes en r\u00e9sidence R3<\/a><\/p>\n\n\n\n<p><a href=\"\/blog\/2026\/02\/17\/arcanes-en-residence-r4\/\">Arcanes en r\u00e9sidence R4<\/a><\/p>\n\n\n\n<p><a href=\"\/blog\/2026\/02\/18\/arcanes-en-residence-r5\/\">Arcanes en r\u00e9sidence R5<\/a><\/p>\n\n\n\n<p><a href=\"\/blog\/2026\/02\/19\/arcanes-en-residence-r6\/\">Arcanes en r\u00e9sidence R6<\/a><\/p>\n\n\n\n<p><a href=\"\/blog\/2026\/02\/20\/arcanes-en-residence-r7\/\">Arcanes en r\u00e9sidence R7<\/a><\/p>\n\n\n\n<p><a href=\"\/blog\/2026\/02\/21\/arcanes-en-residence-r8\/\">Arcanes en r\u00e9sidence R8<\/a><\/p>\n\n\n\n<p><a href=\"\/blog\/2026\/02\/22\/arcanes-en-residence-r9\/\">Arcanes en r\u00e9sidence R9<\/a><\/p>\n\n\n\n<p><a href=\"\/blog\/2026\/02\/23\/arcanes-en-residence-r10\/\">Arcanes en r\u00e9sidence R10<\/a><\/p>\n\n\n\n<p><a href=\"\/blog\/2026\/02\/24\/arcanes-en-residence-r11\/\">Arcanes en r\u00e9sidence R11<\/a><\/p>\n\n\n\n<p><a href=\"\/blog\/2026\/02\/25\/arcanes-en-residence-r12\/\">Arcanes en r\u00e9sidence R12<\/a><\/p>\n\n\n\n<p><a href=\"\/blog\/2026\/02\/26\/arcanes-en-residence-r13\/\">Arcanes en r\u00e9sidence R13<\/a><\/p>\n<\/div>\n<\/div>\n<\/div>\n\n\n\n<hr class=\"wp-block-separator has-alpha-channel-opacity\"\/>\n\n\n\n<div class=\"wp-block-group has-global-padding is-layout-constrained wp-block-group-is-layout-constrained\">\n<h3 class=\"wp-block-heading has-system-sans-serif-font-family\" id=\"tarot\">Le Tarot de Marseille<\/h3>\n\n\n\n<div class=\"wp-block-group has-global-padding is-layout-constrained wp-container-core-group-is-layout-044ddaed wp-block-group-is-layout-constrained\" style=\"padding-left:var(--wp--preset--spacing--30)\">\n<ul class=\"wp-block-list is-style-checkmark-list\">\n<li><a href=\"\/blog\/index.php\/2026\/01\/21\/outil-projectif\/\">Un Outil Projectif Universel<\/a><\/li>\n\n\n\n<li><a href=\"\/blog\/index.php\/2026\/01\/20\/symbolique-des-arcanes-majeurs\/\">Symbolique des Arcanes Majeurs<\/a><\/li>\n\n\n\n<li><a href=\"\/blog\/index.php\/2026\/01\/16\/cycle-evolutioninterieure\/\">Le Cycle de l&rsquo;\u00c9volution Int\u00e9rieure<\/a><\/li>\n<\/ul>\n<\/div>\n\n\n\n<div class=\"wp-block-group has-global-padding is-layout-constrained wp-container-core-group-is-layout-044ddaed wp-block-group-is-layout-constrained\" style=\"padding-left:var(--wp--preset--spacing--30)\">\n<h4 class=\"wp-block-heading has-system-sans-serif-font-family\" id=\"majeurs\">Les Arcanes Majeurs<\/h4>\n\n\n\n<div class=\"wp-block-group is-content-justification-space-between is-layout-flex wp-container-core-group-is-layout-83fb736a wp-block-group-is-layout-flex\" style=\"padding-left:var(--wp--preset--spacing--30)\">\n<p style=\"padding-right:0;padding-left:0\"><a href=\"\/blog\/2026\/02\/04\/le-bateleur\/\">Le Bateleur<\/a><\/p>\n\n\n\n<p style=\"padding-right:0;padding-left:0\"><a href=\"\/blog\/2026\/02\/06\/la-papesse\/\">La Papesse<\/a><\/p>\n\n\n\n<p><a href=\"\/blog\/2026\/02\/06\/limperatrice\/\">L&rsquo;Imp\u00e9ratrice<\/a><\/p>\n\n\n\n<p><a href=\"\/blog\/2026\/02\/06\/lempereur\/\">L&rsquo;Empereur<\/a><\/p>\n\n\n\n<p><a href=\"\/blog\/2026\/02\/07\/le-pape\/\">Le Pape<\/a><\/p>\n\n\n\n<p><a href=\"\/blog\/2026\/02\/07\/lamoureux\/\">L&rsquo;Amoureux<\/a><\/p>\n\n\n\n<p><a href=\"\/blog\/2026\/02\/07\/le-chariot\/\">Le Chariot<\/a><\/p>\n\n\n\n<p><a href=\"\/blog\/2026\/02\/08\/la-justice\/\">La Justice<\/a><\/p>\n\n\n\n<p><a href=\"\/blog\/2026\/02\/08\/lhermite\/\">L&rsquo;Hermite<\/a><\/p>\n\n\n\n<p><a href=\"\/blog\/2026\/02\/08\/la-roue-de-fortune\/\">La Roue de Fortune<\/a><\/p>\n\n\n\n<p><a href=\"\/blog\/2026\/02\/09\/la-force\/\">La Force<\/a><\/p>\n\n\n\n<p><a href=\"\/blog\/2026\/02\/09\/le-pendu\/\">Le Pendu<\/a><\/p>\n\n\n\n<p><a href=\"\/blog\/2026\/02\/10\/larcane-sans-nom\/\">L&rsquo;Arcane Sans Nom<\/a><\/p>\n\n\n\n<p><a href=\"\/blog\/2026\/02\/10\/temperance\/\">Temp\u00e9rance<\/a><\/p>\n\n\n\n<p><a href=\"\/blog\/2026\/02\/10\/le-diable\/\">Le Diable<\/a><\/p>\n\n\n\n<p><a href=\"\/blog\/2026\/02\/10\/la-maison-dieu\/\">La Maison-Dieu<\/a><\/p>\n\n\n\n<p><a href=\"\/blog\/2026\/02\/11\/letoile\/\">L&rsquo;Etoile<\/a><\/p>\n\n\n\n<p><a href=\"\/blog\/2026\/02\/11\/la-lune\/\">La Lune<\/a><\/p>\n\n\n\n<p><a href=\"\/blog\/2026\/02\/12\/le-soleil\/\">Le Soleil<\/a><\/p>\n\n\n\n<p><a href=\"\/blog\/2026\/02\/12\/le-jugement\/\">Le Jugement<\/a><\/p>\n\n\n\n<p><a href=\"\/blog\/2026\/02\/12\/le-monde\/\">Le Monde<\/a><\/p>\n\n\n\n<p><a href=\"\/blog\/2026\/02\/12\/le-mat\/\">Le Mat<\/a><\/p>\n<\/div>\n<\/div>\n\n\n\n<div class=\"wp-block-group has-global-padding is-layout-constrained wp-container-core-group-is-layout-044ddaed wp-block-group-is-layout-constrained\" style=\"padding-left:var(--wp--preset--spacing--30)\">\n<h4 class=\"wp-block-heading has-system-sans-serif-font-family\" id=\"mineurs\">Les Arcanes Mineurs<\/h4>\n\n\n\n<div class=\"wp-block-group has-global-padding is-layout-constrained wp-container-core-group-is-layout-044ddaed wp-block-group-is-layout-constrained\" style=\"padding-left:var(--wp--preset--spacing--30)\">\n<h5 class=\"wp-block-heading has-system-sans-serif-font-family\" id=\"epees\"><strong>Les \u00c9p\u00e9es<\/strong><\/h5>\n\n\n\n<div class=\"wp-block-group is-content-justification-space-between is-layout-flex wp-container-core-group-is-layout-83fb736a wp-block-group-is-layout-flex\" style=\"padding-left:var(--wp--preset--spacing--30)\">\n<p><a href=\"\/blog\/index.php\/2025\/12\/09\/as-depee\/\">As d&rsquo;\u00c9p\u00e9e<\/a><\/p>\n\n\n\n<p>Deux d&rsquo;\u00c9p\u00e9e<\/p>\n\n\n\n<p>Trois d&rsquo;\u00c9p\u00e9e<\/p>\n\n\n\n<p>Quatre d&rsquo;\u00c9p\u00e9e<\/p>\n\n\n\n<p>Cinq d&rsquo;\u00c9p\u00e9e<\/p>\n\n\n\n<p>Six d&rsquo;\u00c9p\u00e9e<\/p>\n\n\n\n<p>Sept d&rsquo;\u00c9p\u00e9e<\/p>\n\n\n\n<p>Huit d&rsquo;\u00c9p\u00e9e<\/p>\n\n\n\n<p>Neuf d&rsquo;\u00c9p\u00e9e<\/p>\n\n\n\n<p>Dix d&rsquo;\u00c9p\u00e9e<\/p>\n\n\n\n<p>Valet d&rsquo;\u00c9p\u00e9e<\/p>\n\n\n\n<p>Cavalier d&rsquo;\u00c9p\u00e9e<\/p>\n\n\n\n<p>Reyne d&rsquo;\u00c9p\u00e9e<\/p>\n\n\n\n<p>Roy d&rsquo;\u00c9p\u00e9e<\/p>\n<\/div>\n<\/div>\n\n\n\n<div class=\"wp-block-group has-global-padding is-layout-constrained wp-container-core-group-is-layout-044ddaed wp-block-group-is-layout-constrained\" style=\"padding-left:var(--wp--preset--spacing--30)\">\n<h5 class=\"wp-block-heading has-system-sans-serif-font-family\" id=\"coupes\"><strong>Les Coupes<\/strong><\/h5>\n\n\n\n<div class=\"wp-block-group is-content-justification-space-between is-layout-flex wp-container-core-group-is-layout-acd61f7e wp-block-group-is-layout-flex\" style=\"margin-top:0;margin-bottom:0;padding-right:var(--wp--preset--spacing--30);padding-left:var(--wp--preset--spacing--30)\">\n<p><a href=\"\/blog\/index.php\/2025\/10\/24\/as-de-coupe\/\">As de Coupe<\/a><\/p>\n\n\n\n<p>Deux de Coupe<\/p>\n\n\n\n<p>Trois de Coupe<\/p>\n\n\n\n<p>Quatre de Coupe<\/p>\n\n\n\n<p>Cinq de Coupe<\/p>\n\n\n\n<p>Six de Coupe<\/p>\n\n\n\n<p>Sept de Coupe<\/p>\n\n\n\n<p>Huit de Coupe<\/p>\n\n\n\n<p>Neuf de Coupe<\/p>\n\n\n\n<p>Dix de Coupe<\/p>\n\n\n\n<p>Valet de Coupe<\/p>\n\n\n\n<p>Cavalier de Coupe<\/p>\n\n\n\n<p>Reyne de Coupe<\/p>\n\n\n\n<p>Roy de Coupe<\/p>\n<\/div>\n<\/div>\n\n\n\n<div class=\"wp-block-group has-global-padding is-layout-constrained wp-container-core-group-is-layout-044ddaed wp-block-group-is-layout-constrained\" style=\"padding-left:var(--wp--preset--spacing--30)\">\n<h5 class=\"wp-block-heading has-system-sans-serif-font-family\" id=\"batons\"><strong>Les B\u00e2tons<\/strong><\/h5>\n\n\n\n<div class=\"wp-block-group is-content-justification-space-between is-nowrap is-layout-flex wp-container-core-group-is-layout-b4185de7 wp-block-group-is-layout-flex\" style=\"padding-right:var(--wp--preset--spacing--30);padding-left:var(--wp--preset--spacing--30)\">\n<div class=\"wp-block-group is-nowrap is-layout-flex wp-container-core-group-is-layout-6c531013 wp-block-group-is-layout-flex\">\n<div class=\"wp-block-group is-content-justification-space-between is-layout-flex wp-container-core-group-is-layout-9366075c wp-block-group-is-layout-flex\">\n<p><a href=\"\/blog\/index.php\/2025\/10\/14\/las-de-baton\/\">As de B\u00e2ton<\/a><\/p>\n\n\n\n<p>Deux de B\u00e2ton<\/p>\n\n\n\n<p>Trois de B\u00e2ton<\/p>\n\n\n\n<p>Quatre de B\u00e2ton<\/p>\n\n\n\n<p>Cinq de B\u00e2ton<\/p>\n\n\n\n<p>Six de B\u00e2ton<\/p>\n\n\n\n<p>Sept de B\u00e2ton<\/p>\n\n\n\n<p>Huit de B\u00e2ton<\/p>\n\n\n\n<p>Neuf de B\u00e2ton<\/p>\n\n\n\n<p>Dix de B\u00e2ton<\/p>\n\n\n\n<p>Valet de B\u00e2ton<\/p>\n\n\n\n<p>Cavalier de B\u00e2ton<\/p>\n\n\n\n<p>Reyne de B\u00e2ton<\/p>\n\n\n\n<p>Roy de B\u00e2ton<\/p>\n<\/div>\n<\/div>\n<\/div>\n<\/div>\n\n\n\n<div class=\"wp-block-group has-global-padding is-layout-constrained wp-container-core-group-is-layout-044ddaed wp-block-group-is-layout-constrained\" style=\"padding-left:var(--wp--preset--spacing--30)\">\n<h5 class=\"wp-block-heading has-system-sans-serif-font-family\" id=\"deniers\"><strong>Les Deniers<\/strong><\/h5>\n\n\n\n<div class=\"wp-block-group is-content-justification-space-between is-layout-flex wp-container-core-group-is-layout-3429b663 wp-block-group-is-layout-flex\" style=\"padding-right:var(--wp--preset--spacing--30);padding-left:var(--wp--preset--spacing--30)\">\n<p><a href=\"\/blog\/index.php\/2025\/12\/09\/as-de-deniers\/\">As de Deniers<\/a><\/p>\n\n\n\n<p>Deux de Deniers<\/p>\n\n\n\n<p>Trois de Deniers<\/p>\n\n\n\n<p>Quatre de Deniers<\/p>\n\n\n\n<p>Cinq de Deniers<\/p>\n\n\n\n<p>Six de Deniers<\/p>\n\n\n\n<p>Sept de Deniers<\/p>\n\n\n\n<p>Huit de Deniers<\/p>\n\n\n\n<p>Neuf de Deniers<\/p>\n\n\n\n<p>Dix de Deniers<\/p>\n\n\n\n<p>Valet de Deniers<\/p>\n\n\n\n<p>Cavalier de Deniers<\/p>\n\n\n\n<p>Reyne de Deniers<\/p>\n\n\n\n<p>Roy de Deniers<\/p>\n<\/div>\n<\/div>\n<\/div>\n<\/div>\n\n\n\n<hr class=\"wp-block-separator has-alpha-channel-opacity\"\/>\n\n\n\n<div class=\"wp-block-group has-global-padding is-content-justification-center is-layout-constrained wp-container-core-group-is-layout-80075642 wp-block-group-is-layout-constrained\">\n<h3 class=\"wp-block-heading has-system-sans-serif-font-family\" id=\"mybanner\">MyBanner<\/h3>\n\n\n\n<div class=\"wp-block-group has-global-padding is-layout-constrained wp-container-core-group-is-layout-044ddaed wp-block-group-is-layout-constrained\" style=\"padding-left:var(--wp--preset--spacing--30)\">\n<ul class=\"wp-block-list\">\n<li><a href=\"\/blog\/index.php\/2026\/01\/20\/guide-de-lutilisateur-mybanner\/\" data-type=\"page\" data-id=\"566\">Guide de l&rsquo;Utilisateur<\/a><\/li>\n<\/ul>\n<\/div>\n<\/div>\n\n\n\n<hr class=\"wp-block-separator has-alpha-channel-opacity\"\/>\n\n\n\n<div class=\"wp-block-group has-global-padding is-layout-constrained wp-block-group-is-layout-constrained\">\n<h3 class=\"wp-block-heading has-system-sans-serif-font-family\" id=\"divers\">Divers<\/h3>\n\n\n\n<div class=\"wp-block-group has-global-padding is-layout-constrained wp-container-core-group-is-layout-044ddaed wp-block-group-is-layout-constrained\" style=\"padding-left:var(--wp--preset--spacing--30)\">\n<ul class=\"wp-block-list\">\n<li><a href=\"\/blog\/index.php\/code-ethique-du-blason-de-naissance\/\" data-type=\"page\" data-id=\"440\">Code \u00c9thique du Blason de Naissance<\/a><\/li>\n\n\n\n<li><a href=\"\/blog\/index.php\/2026\/01\/22\/les-interdits-mentaux\/\">Les Interdits Mentaux<\/a><\/li>\n\n\n\n<li><a href=\"https:\/\/blasondenaissance.fr\/blog\/2025\/12\/03\/des-questions-des-reponses\/\">Des questions \u2026 des r\u00e9ponses \u2013 Le Blason de Naissance<\/a><\/li>\n<\/ul>\n<\/div>\n<\/div>\n","protected":false},"excerpt":{"rendered":"<p>A propos de &#8230; La Banni\u00e8re de Naissance Les R\u00e9sidences R\u00e9sidence R1 R\u00e9sidence R2 R\u00e9sidence R3 R\u00e9sidence R4 R\u00e9sidence R5 R\u00e9sidence R6 R\u00e9sidence R7 R\u00e9sidence R8 R\u00e9sidence R9 R\u00e9sidence R10 R\u00e9sidence R11 R\u00e9sidence R12 R\u00e9sidence R13 Arcanes et R\u00e9sidences Arcanes en r\u00e9sidence R1 Arcanes en r\u00e9sidence R2 Arcanes en r\u00e9sidence R3 Arcanes en r\u00e9sidence R4 [&hellip;]<\/p>\n","protected":false},"author":2,"featured_media":0,"parent":0,"menu_order":0,"comment_status":"closed","ping_status":"closed","template":"","meta":{"footnotes":""},"class_list":["post-639","page","type-page","status-publish","hentry"],"_links":{"self":[{"href":"https:\/\/blasondenaissance.fr\/blog\/wp-json\/wp\/v2\/pages\/639","targetHints":{"allow":["GET"]}}],"collection":[{"href":"https:\/\/blasondenaissance.fr\/blog\/wp-json\/wp\/v2\/pages"}],"about":[{"href":"https:\/\/blasondenaissance.fr\/blog\/wp-json\/wp\/v2\/types\/page"}],"author":[{"embeddable":true,"href":"https:\/\/blasondenaissance.fr\/blog\/wp-json\/wp\/v2\/users\/2"}],"replies":[{"embeddable":true,"href":"https:\/\/blasondenaissance.fr\/blog\/wp-json\/wp\/v2\/comments?post=639"}],"version-history":[{"count":2,"href":"https:\/\/blasondenaissance.fr\/blog\/wp-json\/wp\/v2\/pages\/639\/revisions"}],"predecessor-version":[{"id":3045,"href":"https:\/\/blasondenaissance.fr\/blog\/wp-json\/wp\/v2\/pages\/639\/revisions\/3045"}],"wp:attachment":[{"href":"https:\/\/blasondenaissance.fr\/blog\/wp-json\/wp\/v2\/media?parent=639"}],"curies":[{"name":"wp","href":"https:\/\/api.w.org\/{rel}","templated":true}]}}