{"id":3262,"date":"2024-01-15T12:00:00","date_gmt":"2024-01-15T11:00:00","guid":{"rendered":"https:\/\/blasondenaissance.fr\/blog\/?page_id=3262"},"modified":"2026-03-06T17:15:48","modified_gmt":"2026-03-06T16:15:48","slug":"le-blason-de-naissance-2","status":"publish","type":"page","link":"https:\/\/blasondenaissance.fr\/blog\/","title":{"rendered":"Le Blason de Naissance"},"content":{"rendered":"\n<div class=\"wp-block-group has-global-padding is-layout-constrained wp-container-core-group-is-layout-b13d32f8 wp-block-group-is-layout-constrained\" style=\"padding-right:var(--wp--preset--spacing--10);padding-left:var(--wp--preset--spacing--10)\">\n<div class=\"wp-block-group has-global-padding is-layout-constrained wp-block-group-is-layout-constrained\">\n<div class=\"wp-block-columns is-layout-flex wp-container-core-columns-is-layout-28f84493 wp-block-columns-is-layout-flex\">\n<div class=\"wp-block-column is-layout-flow wp-block-column-is-layout-flow\" style=\"padding-right:var(--wp--preset--spacing--20);padding-left:var(--wp--preset--spacing--20);flex-basis:35%\">\n<figure class=\"wp-block-image size-full\"><img loading=\"lazy\" decoding=\"async\" width=\"531\" height=\"600\" src=\"https:\/\/blasondenaissance.fr\/blog\/wp-content\/uploads\/2025\/07\/fleur-de-lotus-1.webp\" alt=\"\" class=\"wp-image-272\" srcset=\"https:\/\/blasondenaissance.fr\/blog\/wp-content\/uploads\/2025\/07\/fleur-de-lotus-1.webp 531w, https:\/\/blasondenaissance.fr\/blog\/wp-content\/uploads\/2025\/07\/fleur-de-lotus-1-266x300.webp 266w\" sizes=\"auto, (max-width: 531px) 100vw, 531px\" \/><\/figure>\n<\/div>\n\n\n\n<div class=\"wp-block-column is-layout-flow wp-block-column-is-layout-flow\" style=\"padding-right:var(--wp--preset--spacing--10);padding-left:var(--wp--preset--spacing--10)\">\n<h2 class=\"wp-block-heading\">Bienvenue !<\/h2>\n\n\n\n<p class=\"has-body-font-family has-large-font-size\" style=\"line-height:1.3;text-transform:none\">Le Blason de Naissance vous propose une recherche du mieux-\u00eatre au travers de plusieurs approches introspectives, toutes bas\u00e9es sur le langage symbolique des arcanes majeurs du Tarot de Marseille.<\/p>\n\n\n\n<p class=\"has-large-font-size\" style=\"line-height:1.3\"><a href=\"#theme\">Le Th\u00e8me de Naissance<\/a> : une d\u00e9marche accompagn\u00e9e, inspir\u00e9e du R\u00e9f\u00e9rentiel de Naissance \u00ae, en proposant une approche diff\u00e9rente.<\/p>\n\n\n\n<p class=\"has-large-font-size\" style=\"line-height:1.3\"><a href=\"#banniere\">La Banni\u00e8re de Naissance<\/a> : une d\u00e9marche bas\u00e9e sur l&rsquo;auto-questionnement, en mode auto-coaching.<\/p>\n<\/div>\n<\/div>\n\n\n\n<hr class=\"wp-block-separator has-alpha-channel-opacity\" style=\"margin-top:var(--wp--preset--spacing--30);margin-bottom:var(--wp--preset--spacing--30)\"\/>\n<\/div>\n\n\n\n<div class=\"wp-block-group has-global-padding is-layout-constrained wp-container-core-group-is-layout-7db9d80f wp-block-group-is-layout-constrained\" style=\"padding-right:0;padding-left:0\">\n<h3 class=\"wp-block-heading\" id=\"theme\">Le Th\u00e8me de Naissance<\/h3>\n\n\n\n<p class=\"has-large-font-size\" style=\"line-height:1.3\">Le Th\u00e8me de Naissance est un outil qui utilise la symbolique des arcanes du Tarot de Marseille. Il est inspir\u00e9 du <a href=\"http:\/\/www.georgescolleuil.com\" target=\"_blank\" rel=\"noreferrer noopener\">R\u00e9f\u00e9rentiel de Naissance \u00ae cr\u00e9\u00e9 par Georges Colleuil<\/a>, tout en proposant une approche diff\u00e9rente. Le Th\u00e8me de Naissance cible un cheminement personnel visant \u00e0 mettre en lumi\u00e8re les dynamiques inconscientes qui cr\u00e9ent les blocages ( traumatismes, h\u00e9ritage transg\u00e9n\u00e9rationnel, sch\u00e9mas r\u00e9p\u00e9titifs d&rsquo;\u00e9chec, etc. ) qui influencent notre existence.<\/p>\n\n\n\n<p>Consultez la page \u00ab\u00a0<a href=\"https:\/\/blasondenaissance.fr\/blog\/prestations\/\">page des Prestations<\/a>\u00a0\u00bb pour les conditions et les contacts<\/p>\n\n\n\n<hr class=\"wp-block-separator has-alpha-channel-opacity\" style=\"margin-top:var(--wp--preset--spacing--30);margin-bottom:var(--wp--preset--spacing--30)\"\/>\n<\/div>\n\n\n\n<div class=\"wp-block-group has-global-padding is-layout-constrained wp-container-core-group-is-layout-7db9d80f wp-block-group-is-layout-constrained\" style=\"padding-right:0;padding-left:0\">\n<h3 class=\"wp-block-heading\" id=\"banniere\">La Banni\u00e8re de Naissance<\/h3>\n\n\n\n<p class=\"has-large-font-size\" style=\"line-height:1.3\">La Banni\u00e8re de Naissance vous propose une d\u00e9marche auto-engageante. Vous menez seul l&rsquo;exploration de vos dynamiques psychiques. L&rsquo;\u00e9criture est la seule contrainte de la d\u00e9marche, elle permet de mettre en place le \u00ab\u00a0pos\u00e9\u00a0\u00bb des mots.<\/p>\n\n\n\n<p class=\"has-large-font-size\" style=\"line-height:1.3\">Un outil de calcul, <a href=\"\/blog\/index.php\/mybanner\/\" data-type=\"page\" data-id=\"203\" target=\"_blank\" rel=\"noreferrer noopener\">MyBanner<\/a>, vous permet le calcul de votre Banni\u00e8re de Naissance. Cet outil est gratuit, en libre d&rsquo;acc\u00e8s et document\u00e9.<\/p>\n\n\n\n<p class=\"has-large-font-size\" style=\"line-height:1.3\">Avec la Banni\u00e8re de Naissance, reconnectez vous \u00e0 vos besoins, \u00e0 votre v\u00e9rit\u00e9, \u00e0 votre \u00ab&nbsp;\u00eatre&nbsp;\u00bb profond, sans influence ext\u00e9rieure, \u00e0 votre rythme.<\/p>\n\n\n\n<div class=\"wp-block-columns is-layout-flex wp-container-core-columns-is-layout-28f84493 wp-block-columns-is-layout-flex\">\n<div class=\"wp-block-column is-layout-flow wp-block-column-is-layout-flow\" style=\"flex-basis:35%\">\n<figure class=\"wp-block-image size-full\"><img decoding=\"async\" src=\"https:\/\/blasondenaissance.fr\/blog\/wp-content\/uploads\/2026\/01\/banniere.png\" alt=\"\" class=\"wp-image-512\"\/><\/figure>\n<\/div>\n\n\n\n<div class=\"wp-block-column is-layout-flow wp-block-column-is-layout-flow\">\n<h3 class=\"wp-block-heading\">Principes fondateurs<\/h3>\n\n\n\n<p style=\"line-height:1.4\">La m\u00e9thode s&rsquo;appuie sur le principe psychanalytique que \u00ab\u00a0la connaissance du sympt\u00f4me est du c\u00f4t\u00e9 du patient\u00a0\u00bb, pla\u00e7ant l&rsquo;utilisateur au c\u0153ur de son exploration.<\/p>\n\n\n\n<p style=\"line-height:1.4\">Elle adopte une d\u00e9marche introspective, dans le respect strict de l&rsquo;\u00e9thique, via l&rsquo;auto-questionnement, en utilisant le symbolisme des arcanes majeurs du Tarot de Marseille. <\/p>\n\n\n\n<p style=\"line-height:1.4\">Toute la documentation reste librement accessible en ligne, favorisant une pratique autonome et responsable.\u200b<\/p>\n<\/div>\n<\/div>\n\n\n\n<div class=\"wp-block-columns is-layout-flex wp-container-core-columns-is-layout-28f84493 wp-block-columns-is-layout-flex\">\n<div class=\"wp-block-column is-layout-flow wp-block-column-is-layout-flow\">\n<h3 class=\"wp-block-heading\" id=\"structure-dtaille\">Structure d\u00e9taill\u00e9e<\/h3>\n\n\n\n<p style=\"line-height:1.4\">La Banni\u00e8re compte 13 r\u00e9sidences, calcul\u00e9es \u00e0 partir des 13 premi\u00e8res zones du R\u00e9f\u00e9rentiel de Naissance de Georges Colleuil, avec une symbolique revisit\u00e9e pour l&rsquo;introspection et l&rsquo;auto-coaching. La symbolique des r\u00e9sidences est document\u00e9e, accompagn\u00e9e d&rsquo;une liste de \u00ab\u00a0Questions \u00e0 explorer\u00a0\u00bb relative \u00e0 chacune d&rsquo;elles.<\/p>\n\n\n\n<p style=\"line-height:1.4\">\u200b\u200bLa symbolique des couples R\u00e9sidence\/Arcane est int\u00e9gralement document\u00e9e, accompagn\u00e9e d&rsquo;une liste de \u00ab\u00a0Questions \u00e0 explorer\u00a0\u00bb sp\u00e9cifique \u00e0 chaque couple.<\/p>\n<\/div>\n\n\n\n<div class=\"wp-block-column is-layout-flow wp-block-column-is-layout-flow\">\n<h3 class=\"wp-block-heading\" id=\"utilisation-pratique\">Utilisation pratique<\/h3>\n\n\n\n<p class=\"wp-container-content-9cfa9a5a\" style=\"line-height:1.4\">L&rsquo;outil de calcul \u00ab\u00a0MyBanner\u00a0\u00bb, auto-document\u00e9 et gratuit en ligne, g\u00e9n\u00e8re la Banni\u00e8re personnalis\u00e9e.<\/p>\n\n\n\n<p class=\"wp-container-content-9cfa9a5a\" style=\"line-height:1.4\">L&rsquo;utilisateur pratique un auto-questionnement guid\u00e9, sans aucune interpr\u00e9tation impos\u00e9e par un tiers.<\/p>\n\n\n\n<p class=\"wp-container-content-9cfa9a5a\" style=\"line-height:1.4\">Cette approche directe soutient un cheminement personnel clair et engageant, respectant pleinement le libre arbitre.<\/p>\n<\/div>\n<\/div>\n<\/div>\n<\/div>\n\n\n\n<p><\/p>\n","protected":false},"excerpt":{"rendered":"<p>Bienvenue ! Le Blason de Naissance vous propose une recherche du mieux-\u00eatre au travers de plusieurs approches introspectives, toutes bas\u00e9es sur le langage symbolique des arcanes majeurs du Tarot de Marseille. Le Th\u00e8me de Naissance : une d\u00e9marche accompagn\u00e9e, inspir\u00e9e du R\u00e9f\u00e9rentiel de Naissance \u00ae, en proposant une approche diff\u00e9rente. La Banni\u00e8re de Naissance : [&hellip;]<\/p>\n","protected":false},"author":2,"featured_media":0,"parent":0,"menu_order":0,"comment_status":"closed","ping_status":"closed","template":"","meta":{"footnotes":""},"class_list":["post-3262","page","type-page","status-publish","hentry"],"_links":{"self":[{"href":"https:\/\/blasondenaissance.fr\/blog\/wp-json\/wp\/v2\/pages\/3262","targetHints":{"allow":["GET"]}}],"collection":[{"href":"https:\/\/blasondenaissance.fr\/blog\/wp-json\/wp\/v2\/pages"}],"about":[{"href":"https:\/\/blasondenaissance.fr\/blog\/wp-json\/wp\/v2\/types\/page"}],"author":[{"embeddable":true,"href":"https:\/\/blasondenaissance.fr\/blog\/wp-json\/wp\/v2\/users\/2"}],"replies":[{"embeddable":true,"href":"https:\/\/blasondenaissance.fr\/blog\/wp-json\/wp\/v2\/comments?post=3262"}],"version-history":[{"count":1,"href":"https:\/\/blasondenaissance.fr\/blog\/wp-json\/wp\/v2\/pages\/3262\/revisions"}],"predecessor-version":[{"id":3326,"href":"https:\/\/blasondenaissance.fr\/blog\/wp-json\/wp\/v2\/pages\/3262\/revisions\/3326"}],"wp:attachment":[{"href":"https:\/\/blasondenaissance.fr\/blog\/wp-json\/wp\/v2\/media?parent=3262"}],"curies":[{"name":"wp","href":"https:\/\/api.w.org\/{rel}","templated":true}]}}