{"id":3,"date":"2025-07-02T19:10:55","date_gmt":"2025-07-02T17:10:55","guid":{"rendered":"https:\/\/blasondenaissance.fr\/blog\/?page_id=3"},"modified":"2026-03-04T20:25:02","modified_gmt":"2026-03-04T19:25:02","slug":"politique-de-confidentialite","status":"publish","type":"page","link":"https:\/\/blasondenaissance.fr\/blog\/politique-de-confidentialite\/","title":{"rendered":"Mentions L\u00e9gales"},"content":{"rendered":"\n<div class=\"wp-block-group has-global-padding is-layout-constrained wp-block-group-is-layout-constrained\">\n<h2 class=\"wp-block-heading\">Qui sommes-nous&nbsp;?<\/h2>\n\n\n\n<p>L\u2019adresse de notre site est\u00a0: https:\/\/blasondenaissance.fr\/blog<br>Le nom du site est : Le Blason de Naissance<br>Contact : <a href=\"mailto:support@blasondenaissance.fr?\"><a href=\"mailto:contact@blasondenaissance.fr\" target=\"_blank\" rel=\"noreferrer noopener\">contact@blasondenaissance.fr<\/a><\/a><\/p>\n\n\n\n<h2 class=\"wp-block-heading\">Contenu, illustrations, photos<\/h2>\n\n\n\n<p>L&rsquo;utilisation du nom \u00ab\u00a0Blason de Naissance\u00a0\u00bb est libre sous condition :<\/p>\n\n\n\n<ul class=\"wp-block-list\">\n<li>soit d&rsquo;indiquer l&rsquo;adresse internet du site : www.blasondenaissance.fr<\/li>\n\n\n\n<li>soit par un lien vers http:\/\/www.blasondenaissance.fr<\/li>\n<\/ul>\n\n\n\n<p>Toute utilisation du contenu, des illustrations et des photos est libre de droit et n&rsquo;engage que la responsabilit\u00e9 de l&rsquo;utilisateur. L&rsquo;utilisation du contenu par un tiers ne peut en aucun cas engager de quelque mani\u00e8re que ce soit la responsabilit\u00e9 du \u00ab\u00a0Blason de Naissance\u00a0\u00bb.<\/p>\n<\/div>\n\n\n\n<div class=\"wp-block-group has-global-padding is-layout-constrained wp-block-group-is-layout-constrained\">\n<h2 class=\"wp-block-heading\">Cr\u00e9dits<\/h2>\n\n\n\n<h3 class=\"wp-block-heading\">Images<\/h3>\n\n\n\n<p><a href=\"http:\/\/www.rawpixel.com\" target=\"_blank\" rel=\"noreferrer noopener\">rawpixel.com<\/a><br><a href=\"http:\/\/www.freepik.com\" target=\"_blank\" rel=\"noreferrer noopener\">freepik.com<\/a><br><a href=\"https:\/\/www.shutterstock.com\/\">www.shutterstock.com<\/a><br><a href=\"http:\/\/www.istockphoto.com\" target=\"_blank\" rel=\"noreferrer noopener\">www.istockphoto.com<\/a><\/p>\n\n\n\n<h3 class=\"wp-block-heading\">Calculs du \u00ab\u00a0R\u00e9f\u00e9rentiel de Naissance \u00ae\u00a0\u00bb<\/h3>\n\n\n\n<p>Le R\u00e9f\u00e9rentiel de Naissance &#8211; Langage Symbolique et Dynamique du Tarot &#8211; 6\u00e8me \u00e9dition &#8211; Georges Colleuil<\/p>\n\n\n\n<h3 class=\"wp-block-heading\">Logiciels<\/h3>\n\n\n\n<p>Les histogrammes inclus dans les documents du Blason de Naissance sont \u00e9labor\u00e9s avec la biblioth\u00e8que <a href=\"http:\/\/www.goat1000.com\/\" target=\"_BLANK\" rel=\"noreferrer noopener\">SVGGraph<\/a>.<\/p>\n<\/div>\n\n\n\n<div class=\"wp-block-group has-global-padding is-layout-constrained wp-block-group-is-layout-constrained\">\n<h2 class=\"wp-block-heading\">H\u00e9bergement du site<\/h2>\n\n\n\n<p>Hostinger : <a href=\"http:\/\/www.hostinger.fr\/\" target=\"_blank\" rel=\"noreferrer noopener\">www.hostinger.fr<\/a><br>Contact : <a href=\"http:\/\/www.hostinger.fr\/contact\" target=\"_blank\" rel=\"noreferrer noopener\">www.hostinger.fr\/contact<\/a><\/p>\n<\/div>\n\n\n\n<div class=\"wp-block-group has-global-padding is-layout-constrained wp-block-group-is-layout-constrained\">\n<h2 class=\"wp-block-heading\">Commentaires<\/h2>\n\n\n\n<p>Quand vous laissez un commentaire sur notre site, les donn\u00e9es inscrites dans le formulaire de commentaire, ainsi que votre adresse IP et l\u2019agent utilisateur de votre navigateur sont collect\u00e9s pour nous aider \u00e0 la d\u00e9tection des commentaires ind\u00e9sirables.<\/p>\n\n\n\n<p>Une cha\u00eene anonymis\u00e9e cr\u00e9\u00e9e \u00e0 partir de votre adresse e-mail (\u00e9galement appel\u00e9e hash) peut \u00eatre envoy\u00e9e au service Gravatar pour v\u00e9rifier si vous utilisez ce dernier. Les clauses de confidentialit\u00e9 du service Gravatar sont disponibles ici&nbsp;: https:\/\/automattic.com\/privacy\/. Apr\u00e8s validation de votre commentaire, votre photo de profil sera visible publiquement \u00e0 cot\u00e9 de votre commentaire.<\/p>\n<\/div>\n\n\n\n<div class=\"wp-block-group has-global-padding is-layout-constrained wp-block-group-is-layout-constrained\">\n<h2 class=\"wp-block-heading\">M\u00e9dias<\/h2>\n\n\n\n<p>Si vous t\u00e9l\u00e9versez des images sur le site, nous vous conseillons d\u2019\u00e9viter de t\u00e9l\u00e9verser des images contenant des donn\u00e9es EXIF de coordonn\u00e9es GPS. Les personnes visitant votre site peuvent t\u00e9l\u00e9charger et extraire des donn\u00e9es de localisation depuis ces images.<\/p>\n<\/div>\n\n\n\n<div class=\"wp-block-group has-global-padding is-layout-constrained wp-block-group-is-layout-constrained\">\n<h2 class=\"wp-block-heading\">Cookies<\/h2>\n\n\n\n<p>Si vous d\u00e9posez un commentaire sur notre site, il vous sera propos\u00e9 d\u2019enregistrer votre nom, adresse e-mail et site dans des cookies. C\u2019est uniquement pour votre confort afin de ne pas avoir \u00e0 saisir ces informations si vous d\u00e9posez un autre commentaire plus tard. Ces cookies expirent au bout d\u2019un an.<\/p>\n\n\n\n<p>Si vous vous rendez sur la page de connexion, un cookie temporaire sera cr\u00e9\u00e9 afin de d\u00e9terminer si votre navigateur accepte les cookies. Il ne contient pas de donn\u00e9es personnelles et sera supprim\u00e9 automatiquement \u00e0 la fermeture de votre navigateur.<\/p>\n\n\n\n<p>Lorsque vous vous connecterez, nous mettrons en place un certain nombre de cookies pour enregistrer vos informations de connexion et vos pr\u00e9f\u00e9rences d\u2019\u00e9cran. La dur\u00e9e de vie d\u2019un cookie de connexion est de deux jours, celle d\u2019un cookie d\u2019option d\u2019\u00e9cran est d\u2019un an. Si vous cochez \u00ab&nbsp;Se souvenir de moi&nbsp;\u00bb, votre cookie de connexion sera conserv\u00e9 pendant deux semaines. Si vous vous d\u00e9connectez de votre compte, le cookie de connexion sera effac\u00e9.<\/p>\n\n\n\n<p>En modifiant ou en publiant une publication, un cookie suppl\u00e9mentaire sera enregistr\u00e9 dans votre navigateur. Ce cookie ne comprend aucune donn\u00e9e personnelle. Il indique simplement l\u2019ID de la publication que vous venez de modifier. Il expire au bout d\u2019un jour.<\/p>\n<\/div>\n\n\n\n<div class=\"wp-block-group has-global-padding is-layout-constrained wp-block-group-is-layout-constrained\">\n<h2 class=\"wp-block-heading\">Contenu embarqu\u00e9 depuis d\u2019autres sites<\/h2>\n\n\n\n<p>Les articles de ce site peuvent inclure des contenus int\u00e9gr\u00e9s (par exemple des vid\u00e9os, images, articles\u2026). Le contenu int\u00e9gr\u00e9 depuis d\u2019autres sites se comporte de la m\u00eame mani\u00e8re que si le visiteur se rendait sur cet autre site.<\/p>\n\n\n\n<p>Ces sites web pourraient collecter des donn\u00e9es sur vous, utiliser des cookies, embarquer des outils de suivis tiers, suivre vos interactions avec ces contenus embarqu\u00e9s si vous disposez d\u2019un compte connect\u00e9 sur leur site web.<\/p>\n<\/div>\n\n\n\n<div class=\"wp-block-group has-global-padding is-layout-constrained wp-block-group-is-layout-constrained\">\n<div class=\"wp-block-group has-global-padding is-layout-constrained wp-block-group-is-layout-constrained\">\n<h2 class=\"wp-block-heading\">Utilisation et transmission de vos donn\u00e9es personnelles<\/h2>\n\n\n\n<p>Si vous demandez une r\u00e9initialisation de votre mot de passe, votre adresse IP sera incluse dans l\u2019e-mail de r\u00e9initialisation.<\/p>\n<\/div>\n\n\n\n<div class=\"wp-block-group has-global-padding is-layout-constrained wp-block-group-is-layout-constrained\">\n<h2 class=\"wp-block-heading\">Dur\u00e9es de stockage de vos donn\u00e9es<\/h2>\n\n\n\n<p>Si vous laissez un commentaire, le commentaire et ses m\u00e9tadonn\u00e9es sont conserv\u00e9s ind\u00e9finiment. Cela permet de reconna\u00eetre et approuver automatiquement les commentaires suivants au lieu de les laisser dans la file de mod\u00e9ration.<\/p>\n\n\n\n<p>Pour les comptes qui s\u2019inscrivent sur notre site (le cas \u00e9ch\u00e9ant), nous stockons \u00e9galement les donn\u00e9es personnelles indiqu\u00e9es dans leur profil. Tous les comptes peuvent voir, modifier ou supprimer leurs informations personnelles \u00e0 tout moment (\u00e0 l\u2019exception de leur identifiant). Les gestionnaires du site peuvent aussi voir et modifier ces informations.<\/p>\n<\/div>\n<\/div>\n\n\n\n<div class=\"wp-block-group has-global-padding is-layout-constrained wp-block-group-is-layout-constrained\">\n<h2 class=\"wp-block-heading\">Les droits que vous avez sur vos donn\u00e9es<\/h2>\n\n\n\n<p>Si vous avez un compte ou si vous avez laiss\u00e9 des commentaires sur le site, vous pouvez demander \u00e0 recevoir un fichier contenant toutes les donn\u00e9es personnelles que nous poss\u00e9dons \u00e0 votre sujet, incluant celles que vous nous avez fournies. Vous pouvez \u00e9galement demander la suppression des donn\u00e9es personnelles vous concernant. Cela ne prend pas en compte les donn\u00e9es stock\u00e9es \u00e0 des fins administratives, l\u00e9gales ou pour des raisons de s\u00e9curit\u00e9.<\/p>\n\n\n\n<p>Conform\u00e9ment \u00e0 la loi \u00ab informatique et libert\u00e9s \u00bb du 6 janvier 1978 modifi\u00e9e en 2004, vous b\u00e9n\u00e9ficiez d&rsquo;un droit d&rsquo;acc\u00e8s et de rectification aux informations qui vous concernent, que vous pouvez exercer en vous adressant au \u00ab\u00a0Blason de Naissance\u00a0\u00bb par e-mail \u00e0 <a href=\"mailto:support@blasondenaissance.fr\"><a href=\"mailto:contact@blasondenaissance.fr\" target=\"_blank\" rel=\"noreferrer noopener\">contact@blasondenaissance.fr<\/a><\/a> Vous pouvez \u00e9galement, pour des motifs l\u00e9gitimes, vous opposer au traitement des donn\u00e9es vous concernant.<\/p>\n<\/div>\n\n\n\n<div class=\"wp-block-group has-global-padding is-layout-constrained wp-block-group-is-layout-constrained\">\n<h2 class=\"wp-block-heading\">O\u00f9 vos donn\u00e9es sont envoy\u00e9es<\/h2>\n\n\n\n<p>Les commentaires des visiteurs peuvent \u00eatre v\u00e9rifi\u00e9s \u00e0 l\u2019aide d\u2019un service automatis\u00e9 de d\u00e9tection des commentaires ind\u00e9sirables.<\/p>\n<\/div>\n","protected":false},"excerpt":{"rendered":"<p>Qui sommes-nous&nbsp;? L\u2019adresse de notre site est\u00a0: https:\/\/blasondenaissance.fr\/blogLe nom du site est : Le Blason de NaissanceContact : contact@blasondenaissance.fr Contenu, illustrations, photos L&rsquo;utilisation du nom \u00ab\u00a0Blason de Naissance\u00a0\u00bb est libre sous condition : Toute utilisation du contenu, des illustrations et des photos est libre de droit et n&rsquo;engage que la responsabilit\u00e9 de l&rsquo;utilisateur. L&rsquo;utilisation du [&hellip;]<\/p>\n","protected":false},"author":2,"featured_media":0,"parent":0,"menu_order":0,"comment_status":"closed","ping_status":"closed","template":"","meta":{"footnotes":""},"class_list":["post-3","page","type-page","status-publish","hentry"],"_links":{"self":[{"href":"https:\/\/blasondenaissance.fr\/blog\/wp-json\/wp\/v2\/pages\/3","targetHints":{"allow":["GET"]}}],"collection":[{"href":"https:\/\/blasondenaissance.fr\/blog\/wp-json\/wp\/v2\/pages"}],"about":[{"href":"https:\/\/blasondenaissance.fr\/blog\/wp-json\/wp\/v2\/types\/page"}],"author":[{"embeddable":true,"href":"https:\/\/blasondenaissance.fr\/blog\/wp-json\/wp\/v2\/users\/2"}],"replies":[{"embeddable":true,"href":"https:\/\/blasondenaissance.fr\/blog\/wp-json\/wp\/v2\/comments?post=3"}],"version-history":[{"count":2,"href":"https:\/\/blasondenaissance.fr\/blog\/wp-json\/wp\/v2\/pages\/3\/revisions"}],"predecessor-version":[{"id":3302,"href":"https:\/\/blasondenaissance.fr\/blog\/wp-json\/wp\/v2\/pages\/3\/revisions\/3302"}],"wp:attachment":[{"href":"https:\/\/blasondenaissance.fr\/blog\/wp-json\/wp\/v2\/media?parent=3"}],"curies":[{"name":"wp","href":"https:\/\/api.w.org\/{rel}","templated":true}]}}