{"id":22,"date":"2025-07-02T21:20:56","date_gmt":"2025-07-02T19:20:56","guid":{"rendered":"https:\/\/blasondenaissance.fr\/blog\/?page_id=22"},"modified":"2026-03-04T20:34:52","modified_gmt":"2026-03-04T19:34:52","slug":"prestations","status":"publish","type":"page","link":"https:\/\/blasondenaissance.fr\/blog\/prestations\/","title":{"rendered":"Prestations"},"content":{"rendered":"\n<ul class=\"wp-block-list\">\n<li><a href=\"\/blog\/#theme\">Consultations \u00ab\u00a0Th\u00e8me de Naissance\u00a0\u00bb<\/a><\/li>\n\n\n\n<li><a href=\"\/blog\/#tirage\">Tirage de Tarot psychologique<\/a><\/li>\n\n\n\n<li><a href=\"\/blog\/#gratuit\">Tirages gratuits de Tarot<\/a><\/li>\n\n\n\n<li><a href=\"\/blog\/#outil\">Outils de Calcul<\/a><\/li>\n<\/ul>\n\n\n\n<h2 class=\"wp-block-heading\" id=\"theme\">Consultations \u00abTh\u00e8me de Naissance\u00bb<\/h2>\n\n\n\n<p>Le Th\u00e8me de Naissance est un outil qui utilise la symbolique des arcanes du Tarot de Marseille. Il est inspir\u00e9 du <a href=\"http:\/\/www.georgescolleuil.com\" target=\"_blank\" rel=\"noreferrer noopener\">R\u00e9f\u00e9rentiel de Naissance \u00ae cr\u00e9\u00e9 par Georges Colleuil<\/a>, tout en proposant une approche diff\u00e9rente. Le Th\u00e8me de Naissance cible un cheminement personnel visant \u00e0 mettre en lumi\u00e8re les dynamiques inconscientes qui cr\u00e9ent les blocages ( traumatismes, h\u00e9ritage transg\u00e9n\u00e9rationnel, sch\u00e9mas r\u00e9p\u00e9titifs d&rsquo;\u00e9chec, etc. ) qui influencent notre existence.<br>Chaque arcane de notre Th\u00e8me de Naissance, se combinant avec les autres, nous r\u00e9v\u00e8le la mani\u00e8re de d\u00e9passer nos probl\u00e9matiques gr\u00e2ce aux ressources que nous poss\u00e9dons et que parfois nous ignorons. Au travers d&rsquo;un va et vient entre le v\u00e9cu et les arcanes issus du Th\u00e8me vous pourrez vous reconnecter au plus profond de vos besoins et suivre les orientations v\u00e9ritables de votre \u00e2me.<\/p>\n\n\n\n<figure class=\"wp-block-table\"><table><tbody><tr><td><strong>Modalit\u00e9s<\/strong><\/td><td>Minimum 2 personnes, maximum 4 personnes. Le pr\u00e9sentiel est tr\u00e8s fortement recommand\u00e9.<br>Possibilit\u00e9s d&rsquo;h\u00e9bergement en chambre double &#8211; 30\u20ac la nuit<\/td><\/tr><tr><td><strong>Quand<\/strong><\/td><td>Un weekend \u00e0 convenir &#8211; Samedi et Dimanche de 10h \u00e0 17h pauses comprises.<\/td><\/tr><tr><td><strong>O\u00f9<\/strong><\/td><td>N\u00e9rac, dans le Lot et Garonne (47)<\/td><\/tr><tr><td><strong>Prix<\/strong><\/td><td>140\u20ac par personnes<br>40\u20ac d&rsquo;arrhes seront demand\u00e9s pour confirmation de la r\u00e9servation.<\/td><\/tr><tr><td><strong>Praticienne<\/strong><\/td><td>Mme Brigitte Labouysse<br>&#8211; Formation au R\u00e9f\u00e9rentiel de Naissance &#8211; niveau 1<br>&#8211; Modules d&rsquo;approfondissement, Master class du R\u00e9f\u00e9rentiel de Naissance<br>&#8211; D.U. de Clinique Psychanalytique de la Petit Enfance &#8211; Bordeaux II<br>&#8211; Dipl\u00f4me de Cadre de Sant\u00e9 &#8211; Charles Perrens &#8211; Bordeaux<\/td><\/tr><tr><td><strong>Contact<\/strong><\/td><td>Par mail \u00e0 l&rsquo;adresse&nbsp;<a href=\"mailto:contact@blasondenaissance.fr\" target=\"_blank\" rel=\"noreferrer noopener\">contact@blasondenaissance.fr<\/a><br>Dans le message, veuillez indiquer votre Pr\u00e9nom ainsi qu&rsquo;un num\u00e9ro de t\u00e9l\u00e9phone pour contact. Ces informations seront utilis\u00e9es exclusivement pour vous contacter et ne seront jamais communiqu\u00e9es \u00e0 un tiers.<\/td><\/tr><\/tbody><\/table><\/figure>\n\n\n\n<h2 class=\"wp-block-heading\" id=\"tirage\">Tirage de tarot psychologique<\/h2>\n\n\n\n<p>Vous vous posez des questions ? Vous avez du mal \u00e0 savoir ce que vous ressentez ou pourquoi vous vous sentez bloqu\u00e9 ? Le tarot psychologique ne pr\u00e9dit pas l\u2019avenir, il aide \u00e0 mettre des mots, des images sur ce qui se passe en vous. Le tarot est un outil puissant pour mieux se conna\u00eetre. Les cartes parlent avec des symboles, des images fortes, qui peuvent t\u2019aider \u00e0 y voir plus clair.<\/p>\n\n\n\n<p>Vous venez avec une question, un doute, ou juste l\u2019envie de comprendre un peu mieux ce que vous vivez, on tire quelques cartes, simplement et on en parle ensemble. Aucun jugement, juste un moment pour vous, pour ne parler que de vous.<\/p>\n\n\n\n<h3 class=\"wp-block-heading\"><strong>Pourquoi essayer ?<\/strong><\/h3>\n\n\n\n<ul class=\"wp-block-list\">\n<li>Pour mettre un peu d\u2019ordre dans le bazar de vos \u00e9motions<\/li>\n\n\n\n<li>Pour prendre du recul sur ce que vous traversez<\/li>\n\n\n\n<li>Pour vous reconnecter \u00e0 vous-m\u00eame<\/li>\n\n\n\n<li>Pour comprendre le pourquoi de vos choix<\/li>\n<\/ul>\n\n\n\n<p>Ouvert \u00e0 tous, venez comme vous \u00eates, avec vos questions, votre humeur du jour et votre curiosit\u00e9.<\/p>\n\n\n\n<figure class=\"wp-block-table\"><table><tbody><tr><td><strong>Modalit\u00e9s<\/strong><\/td><td>En pr\u00e9sentiel uniquement.<\/td><\/tr><tr><td><strong>Quand<\/strong><\/td><td>Un rendez-vous \u00e0 convenir.<\/td><\/tr><tr><td><strong>O\u00f9<\/strong><\/td><td>N\u00e9rac, dans le Lot et Garonne (47)<\/td><\/tr><tr><td><strong>Prix<\/strong><\/td><td>40\u20ac par consultation ( environ 40 minutes )<\/td><\/tr><tr><td><strong>Praticiens<\/strong><\/td><td>Brigitte et Patrick. Nous pratiquons souvent ensemble ce qui donne une compl\u00e9mentarit\u00e9 d&rsquo;interpr\u00e9tation qui fait notre particularit\u00e9.<\/td><\/tr><tr><td><strong>Contact<\/strong><\/td><td>Par mail \u00e0 l&rsquo;adresse <a href=\"mailto:prestation@blasondenaissance.fr\" target=\"_blank\" rel=\"noreferrer noopener\"><\/a><a href=\"mailto:contact@blasondenaissance.fr\" target=\"_blank\" rel=\"noreferrer noopener\">contact@blasondenaissance.fr<\/a><br>Dans le message, veuillez indiquer votre pr\u00e9nom et un num\u00e9ro de t\u00e9l\u00e9phone pour vous contacter. Ces informations et ne seront jamais communiqu\u00e9es \u00e0 un tiers.<\/td><\/tr><\/tbody><\/table><\/figure>\n\n\n\n<h2 class=\"wp-block-heading\" id=\"gratuit\">Tirages gratuits de Tarot<\/h2>\n\n\n\n<p>Le Blason de Naissance vous propose des&nbsp;<strong>tirages gratuits de tarot psychologique<\/strong><\/p>\n\n\n\n<figure class=\"wp-block-table\"><table><tbody><tr><td><strong>Quand<\/strong> <\/td><td>Le Vendredi apr\u00e8s-midi &#8211; de 17h \u00e0 19h, \u00e0 l&rsquo;exception des jours f\u00e9ri\u00e9s.<\/td><\/tr><tr><td><strong>O\u00f9<\/strong><\/td><td>\u00c0 \u00abLa Taverne d&rsquo;Henry\u00bb , N\u00e9rac 47600, France<\/td><\/tr><\/tbody><\/table><\/figure>\n\n\n\n<p>Venez d\u00e9couvrir le Tarot psychologique, nous vous recevrons avec plaisir.<\/p>\n\n\n\n<h2 class=\"wp-block-heading\" id=\"outil\">Outils de Calcul<\/h2>\n\n\n\n<p>Le Blason de Naissance vous donne librement acc\u00e8s \u00e0 deux outils de calcul.<\/p>\n\n\n\n<ul class=\"wp-block-list\">\n<li><strong>MyBanner<\/strong>\u00a0: l&rsquo;outil de calcul de La \u00ab<a href=\"\/mybanner\/mybanner.php\" target=\"_blank\" rel=\"noreferrer noopener\">\u00a0Banni\u00e8re de Naissance<sup>\u00a9<\/sup>\u00a0<\/a>\u00bb. Orient\u00e9 vers le d\u00e9veloppement personnel, les principes de conception de MyBanner sont : simplicit\u00e9, utilisable par tous, sans influence ext\u00e9rieure ( auto-questionnement, auto-coaching ).<\/li>\n\n\n\n<li><strong>Tethis<\/strong>&nbsp;: Un outil de calcul du \u00ab<a href=\"\/tethis\/tethis.php\" target=\"_blank\" rel=\"noreferrer noopener\">&nbsp;R\u00e9f\u00e9rentiel de Naissance\u00ae&nbsp;<\/a>\u00bb.<\/li>\n<\/ul>\n","protected":false},"excerpt":{"rendered":"<p>Consultations \u00abTh\u00e8me de Naissance\u00bb Le Th\u00e8me de Naissance est un outil qui utilise la symbolique des arcanes du Tarot de Marseille. Il est inspir\u00e9 du R\u00e9f\u00e9rentiel de Naissance \u00ae cr\u00e9\u00e9 par Georges Colleuil, tout en proposant une approche diff\u00e9rente. Le Th\u00e8me de Naissance cible un cheminement personnel visant \u00e0 mettre en lumi\u00e8re les dynamiques inconscientes [&hellip;]<\/p>\n","protected":false},"author":2,"featured_media":0,"parent":0,"menu_order":0,"comment_status":"closed","ping_status":"closed","template":"","meta":{"footnotes":""},"class_list":["post-22","page","type-page","status-publish","hentry"],"_links":{"self":[{"href":"https:\/\/blasondenaissance.fr\/blog\/wp-json\/wp\/v2\/pages\/22","targetHints":{"allow":["GET"]}}],"collection":[{"href":"https:\/\/blasondenaissance.fr\/blog\/wp-json\/wp\/v2\/pages"}],"about":[{"href":"https:\/\/blasondenaissance.fr\/blog\/wp-json\/wp\/v2\/types\/page"}],"author":[{"embeddable":true,"href":"https:\/\/blasondenaissance.fr\/blog\/wp-json\/wp\/v2\/users\/2"}],"replies":[{"embeddable":true,"href":"https:\/\/blasondenaissance.fr\/blog\/wp-json\/wp\/v2\/comments?post=22"}],"version-history":[{"count":2,"href":"https:\/\/blasondenaissance.fr\/blog\/wp-json\/wp\/v2\/pages\/22\/revisions"}],"predecessor-version":[{"id":3306,"href":"https:\/\/blasondenaissance.fr\/blog\/wp-json\/wp\/v2\/pages\/22\/revisions\/3306"}],"wp:attachment":[{"href":"https:\/\/blasondenaissance.fr\/blog\/wp-json\/wp\/v2\/media?parent=22"}],"curies":[{"name":"wp","href":"https:\/\/api.w.org\/{rel}","templated":true}]}}