{"id":194,"date":"2025-07-24T22:34:32","date_gmt":"2025-07-24T20:34:32","guid":{"rendered":"http:\/\/localhost\/blog\/?page_id=194"},"modified":"2025-07-24T22:34:32","modified_gmt":"2025-07-24T20:34:32","slug":"tethis","status":"publish","type":"page","link":"https:\/\/blasondenaissance.fr\/blog\/tethis\/","title":{"rendered":"Tethis"},"content":{"rendered":"\n<div class=\"wp-block-group is-content-justification-space-between is-nowrap is-layout-flex wp-container-core-group-is-layout-cb46ffcb wp-block-group-is-layout-flex\">\n<p><strong>Entrer une date<\/strong><\/p>\n\n\n\n<form id=\"bdateForm\" action=\"\/tethis\/tethis.php\" method=\"GET\">\n<input type=\"date\" id=\"birthdate\" name=\"birthdate\" ><\/form>\n\n\n\n<div onclick=\"document.getElementById('bdateForm').submit();\" class=\"wp-block-button\"><a class=\"wp-block-button__link wp-element-button\">Calculer le R\u00e9f\u00e9rentiel de Naissance<\/a> <\/div>\n<\/div>\n\n\n\n<hr class=\"wp-block-separator has-alpha-channel-opacity\"\/>\n\n\n\n<p>TEHIS est un outil de calcul du&nbsp;<a href=\"http:\/\/www.georgescolleuil.com\/\" target=\"_BLANK\" rel=\"noreferrer noopener\">R\u00e9f\u00e9rentiel de Naissance \u00ae<\/a>&nbsp;de&nbsp;<a href=\"https:\/\/fr.wikipedia.org\/wiki\/Georges_Colleuil\" target=\"_BLANK\" rel=\"noreferrer noopener\">Georges Colleuil<\/a><\/p>\n\n\n\n<h2 class=\"wp-block-heading\">Ce que fait TETHIS<\/h2>\n\n\n\n<p>TETHIS calcule, pour une date donn\u00e9e :<\/p>\n\n\n\n<ul class=\"wp-block-list\">\n<li>Le R\u00e9f\u00e9rentiel de Naissance \u00ae correspondant \u00e0 cette date.<\/li>\n\n\n\n<li>Les aspects permanents du R\u00e9f\u00e9rentiel de Naissance \u00ae, induits par les zones \u00e0 l&rsquo;exception de la zone 8.<\/li>\n\n\n\n<li>Les aspects transitoires du R\u00e9f\u00e9rentiel de Naissance \u00ae; induits par la zone 8 en regard des autres zones.<\/li>\n\n\n\n<li>Par d\u00e9faut, l&rsquo;ann\u00e9e m\u00e9t\u00e9o correspond \u00e0 celle de la date calendaire courante. <\/li>\n\n\n\n<li>Si la date de naissance est ant\u00e9rieure de plus de 120 ann\u00e9es \u00e0 la date calendaire courante, la m\u00e9t\u00e9o est celle des 120 ans.<\/li>\n\n\n\n<li>Si la date de Naissance est post\u00e9rieure \u00e0 la date calendaire courante, la m\u00e9t\u00e9o est celle de l&rsquo;ann\u00e9e de naissance.<\/li>\n<\/ul>\n\n\n\n<p>Si aucune date n&rsquo;est fournie, TETHIS calcule par d\u00e9faut le R\u00e9f\u00e9rentiel de Naissance \u00ae pour la date calendaire courante.<\/p>\n\n\n\n<h2 class=\"wp-block-heading\">Ce que ne fait pas TETHIS !<\/h2>\n\n\n\n<ul class=\"wp-block-list\">\n<li>TETHIS ne calcule pas les R\u00e9f\u00e9rentiels de Naissance \u00ae appliqu\u00e9s aux groupes : R\u00e9f\u00e9rentiel d&rsquo;Alliance, de Ruche, etc.<\/li>\n\n\n\n<li>TETHIS ne reprend pas la notion d&rsquo;aspect \u00abfixe\u00bb ou \u00abmobile\u00bb.<\/li>\n\n\n\n<li>TETHIS ne liste pas en temps que dialectique les couples de zones qui font partie d&rsquo;une r\u00e9p\u00e9tition plus importante d&rsquo;un m\u00eame arcane.\n<ul class=\"wp-block-list\">\n<li>Exemple : La Lune est pr\u00e9sente en Zone 1, Zone 3, Zone 9;\n<ul class=\"wp-block-list\">\n<li>TETHIS indique une \u00abPerspective Asym\u00e9trique\u00bb entre la Zone 1 et la Zone 3<\/li>\n\n\n\n<li>TETHIS indique une \u00abBoucle de Delphes\u00bb<\/li>\n\n\n\n<li>TETHIS n&rsquo;indique pas les dialectiques \u00abZone 1 &#8211; Zone 3\u00bb, \u00abZone 1 &#8211; Zone 9\u00bb et \u00abZone 3 &#8211; Zone 9\u00bb<\/li>\n<\/ul>\n<\/li>\n<\/ul>\n<\/li>\n\n\n\n<li>TETHIS ne donne aucune interpr\u00e9tation des r\u00e9sultats obtenus. Seule la taxonomie, telle que pr\u00e9sente dans le livre \u00ab Le R\u00e9f\u00e9rentiel de Naissance &#8211; Langage Symbolique et Dynamique du Tarot &#8211; 6\u00e8me \u00e9dition &#8211; Auteur : Georges Colleuil \u00bb a \u00e9t\u00e9 retenue.<\/li>\n\n\n\n<li>Le terme \u00abMaison\u00bb employ\u00e9 dans l&rsquo;ouvrage est remplac\u00e9 par le terme \u00abZone\u00bb suivant la taxonomie actuellement utilis\u00e9e par Georges Colleuil.<\/li>\n<\/ul>\n","protected":false},"excerpt":{"rendered":"<p>Entrer une date Calculer le R\u00e9f\u00e9rentiel de Naissance TEHIS est un outil de calcul du&nbsp;R\u00e9f\u00e9rentiel de Naissance \u00ae&nbsp;de&nbsp;Georges Colleuil Ce que fait TETHIS TETHIS calcule, pour une date donn\u00e9e : Si aucune date n&rsquo;est fournie, TETHIS calcule par d\u00e9faut le R\u00e9f\u00e9rentiel de Naissance \u00ae pour la date calendaire courante. Ce que ne fait pas TETHIS [&hellip;]<\/p>\n","protected":false},"author":2,"featured_media":0,"parent":0,"menu_order":0,"comment_status":"closed","ping_status":"closed","template":"","meta":{"footnotes":""},"class_list":["post-194","page","type-page","status-publish","hentry"],"_links":{"self":[{"href":"https:\/\/blasondenaissance.fr\/blog\/wp-json\/wp\/v2\/pages\/194","targetHints":{"allow":["GET"]}}],"collection":[{"href":"https:\/\/blasondenaissance.fr\/blog\/wp-json\/wp\/v2\/pages"}],"about":[{"href":"https:\/\/blasondenaissance.fr\/blog\/wp-json\/wp\/v2\/types\/page"}],"author":[{"embeddable":true,"href":"https:\/\/blasondenaissance.fr\/blog\/wp-json\/wp\/v2\/users\/2"}],"replies":[{"embeddable":true,"href":"https:\/\/blasondenaissance.fr\/blog\/wp-json\/wp\/v2\/comments?post=194"}],"version-history":[{"count":0,"href":"https:\/\/blasondenaissance.fr\/blog\/wp-json\/wp\/v2\/pages\/194\/revisions"}],"wp:attachment":[{"href":"https:\/\/blasondenaissance.fr\/blog\/wp-json\/wp\/v2\/media?parent=194"}],"curies":[{"name":"wp","href":"https:\/\/api.w.org\/{rel}","templated":true}]}}